{"id":1025,"date":"2020-07-08T12:01:00","date_gmt":"2020-07-08T12:01:00","guid":{"rendered":"https:\/\/tomvernieuwing.be\/nl\/?page_id=1025"},"modified":"2023-02-04T10:25:44","modified_gmt":"2023-02-04T10:25:44","slug":"privacy","status":"publish","type":"page","link":"https:\/\/tomvernieuwing.be\/nl\/privacy","title":{"rendered":"Privacy policy &#038; cookies"},"content":{"rendered":"\n<p>Notre site Web utilise des cookies \u00e0 des fins statistiques. Nous stockons des adresses IP anonymis\u00e9es, qui ne pouvaient en aucun cas vous identifier. Nous ne stockons aucune information priv\u00e9e, sauf lorsque vous nous contactez \u00e0 propos de produits et services.<\/p>\n\n\n\n<p>Nous utilisons des outils et services tiers:<\/p>\n\n\n\n<p>Google analytics &#8211; pour statistique.<\/p>\n\n\n\n<p>Nous utilisons \u00e9galement Hotjar afin de mieux comprendre les besoins de nos utilisateurs et d&#8217;optimiser ce service et cette exp\u00e9rience. Hotjar est un service technologique qui nous aide \u00e0 mieux comprendre l&#8217;exp\u00e9rience de nos utilisateurs (par exemple, combien de temps ils passent sur quelles pages, quels liens ils choisissent de cliquer, ce que les utilisateurs aiment et n&#8217;aiment pas, etc.) et cela nous permet de construire et maintenir notre service avec les commentaires des utilisateurs. Hotjar utilise des cookies et d&#8217;autres technologies pour collecter des donn\u00e9es sur le comportement de nos utilisateurs et de leurs appareils (en particulier l&#8217;adresse IP de l&#8217;appareil (captur\u00e9e et stock\u00e9e uniquement sous forme anonyme), la taille de l&#8217;\u00e9cran de l&#8217;appareil, le type d&#8217;appareil (identificateurs d&#8217;appareil uniques), les informations du navigateur, l&#8217;emplacement g\u00e9ographique (pays uniquement), langue pr\u00e9f\u00e9r\u00e9e utilis\u00e9e pour afficher notre site Web). Hotjar stocke ces informations dans un profil utilisateur pseudonymis\u00e9. Ni Hotjar ni nous n&#8217;utiliserons jamais ces informations pour identifier des utilisateurs individuels ou pour les associer \u00e0 d&#8217;autres donn\u00e9es sur un utilisateur individuel. Pour plus de d\u00e9tails, veuillez consulter la politique de confidentialit\u00e9 de Hotjar en cliquant <a href=\"https:\/\/www.hotjar.com\/legal\/policies\/privacy\" target=\"_blank\" rel=\"noreferrer noopener\">sur ce lien.<\/a> Vous pouvez vous opposer \u00e0 la cr\u00e9ation d&#8217;un profil utilisateur, au stockage par Hotjar de donn\u00e9es sur votre utilisation de notre site et \u00e0 l&#8217;utilisation par Hotjar de cookies de suivi sur d&#8217;autres sites Web en suivant <a href=\"https:\/\/www.hotjar.com\/legal\/compliance\/opt-out\" target=\"_blank\" rel=\"noreferrer noopener\">ce lien<\/a> de d\u00e9sactivation.<\/p>\n","protected":false},"excerpt":{"rendered":"<p>Notre site Web utilise des cookies \u00e0 des fins statistiques. Nous stockons des adresses IP anonymis\u00e9es, qui ne pouvaient en aucun cas vous identifier.<\/p>\n","protected":false},"author":2,"featured_media":0,"parent":0,"menu_order":0,"comment_status":"closed","ping_status":"closed","template":"","meta":{"inline_featured_image":false,"ngg_post_thumbnail":0,"footnotes":""},"class_list":["post-1025","page","type-page","status-publish","hentry"],"_links":{"self":[{"href":"https:\/\/tomvernieuwing.be\/nl\/wp-json\/wp\/v2\/pages\/1025","targetHints":{"allow":["GET"]}}],"collection":[{"href":"https:\/\/tomvernieuwing.be\/nl\/wp-json\/wp\/v2\/pages"}],"about":[{"href":"https:\/\/tomvernieuwing.be\/nl\/wp-json\/wp\/v2\/types\/page"}],"author":[{"embeddable":true,"href":"https:\/\/tomvernieuwing.be\/nl\/wp-json\/wp\/v2\/users\/2"}],"replies":[{"embeddable":true,"href":"https:\/\/tomvernieuwing.be\/nl\/wp-json\/wp\/v2\/comments?post=1025"}],"version-history":[{"count":6,"href":"https:\/\/tomvernieuwing.be\/nl\/wp-json\/wp\/v2\/pages\/1025\/revisions"}],"predecessor-version":[{"id":1085,"href":"https:\/\/tomvernieuwing.be\/nl\/wp-json\/wp\/v2\/pages\/1025\/revisions\/1085"}],"wp:attachment":[{"href":"https:\/\/tomvernieuwing.be\/nl\/wp-json\/wp\/v2\/media?parent=1025"}],"curies":[{"name":"wp","href":"https:\/\/api.w.org\/{rel}","templated":true}]}}